{"id":64,"date":"2023-04-17T19:37:54","date_gmt":"2023-04-17T17:37:54","guid":{"rendered":"https:\/\/piotr-richter.pl\/?page_id=64"},"modified":"2023-04-17T19:37:54","modified_gmt":"2023-04-17T17:37:54","slug":"cv-zawodowe","status":"publish","type":"page","link":"https:\/\/piotr-richter.pl\/index.php\/cv-zawodowe\/","title":{"rendered":"CV ZAWODOWE"},"content":{"rendered":"\n<p>Prof. Piotr Richter jest absolwentem Akademii Medycznej im. M. Kopernika w\u00a0Krakowie. Od pocz\u0105tku kariery zawodowej zwi\u0105zany ze Szpitalem Uniwersyteckim w\u00a0Krakowie, obecnie pe\u0142ni obowi\u0105zki kierownika I Katedra Chirurgii Og\u00f3lnej UJ CM i\u00a0Kliniki Chirurgii Og\u00f3lnej, Onkologicznej i\u00a0Gastroenterologicznej SU..<\/p>\n\n\n\n<p>Doskona\u0142y chirurg i&nbsp;endoskopista, jeden z&nbsp;najskuteczniejszych specjalist\u00f3w w&nbsp;inwazyjnym leczeniu nowotwor\u00f3w przewodu pokarmowego, specjalizuje si\u0119 r\u00f3wnie\u017c w&nbsp;laparoskopowej chirurgii jelita grubego, zajmuje si\u0119 operacyjnym leczeniem oty\u0142o\u015bci. Od 1992 r. jest cz\u0142onkiem programu transplantacji nerek w&nbsp;Oddziale Klinicznym Chirurgii Og\u00f3lnej, Onkologicznej i&nbsp;Gastroenterologicznej SU. Szkoli si\u0119 w&nbsp;zagranicznych klinikach, m.in. USA, Szwajcarii, Niemczech, W\u0142oszech, Francji i&nbsp;Holandii.<\/p>\n\n\n\n<p>Zaanga\u017cowany w&nbsp;prace polskich i&nbsp;zagranicznych towarzystw naukowych: Polskiego Klubu Koloproktologii (od 2016 pe\u0142ni funkcj\u0119 prezesa), Towarzystwa Chirurg\u00f3w Polskich, Polskiego Towarzystwa Chirurgii Onkologicznej, Polskiej Unii Onkologii, European Association for Endoscopic Surgery, European Surgical Society oraz International Society of Surgery (National Delegate od 2018).<\/p>\n\n\n\n<p>W Collegium Medicum prowadzi wyk\u0142ady z&nbsp;zakresu chirurgii og\u00f3lnej, a&nbsp;tak\u017ce zaj\u0119cia dla lekarzy odbywaj\u0105cych obowi\u0105zkowe szkolenia z&nbsp;chirurgii og\u00f3lnej do specjalizacji organizowane przez Medycznego Centrum Kszta\u0142cenia Podyplomowego UJ. Jest kierownikiem specjalizacji chirurg\u00f3w-rezydent\u00f3w realizuj\u0105cych program szkolenia w&nbsp;dziedzinie chirurgii og\u00f3lnej w&nbsp;I Katedrze Chirurgii Og\u00f3lnej, Onkologicznej i&nbsp;Gastroenterologicznej UJ CM.<\/p>\n\n\n\n<p>W latach 2016-19 pe\u0142ni\u0142 funkcj\u0119 pe\u0142nomocnika rektora UJ ds. og\u00f3lnych w&nbsp;Collegium Medicum, jest tak\u017ce cz\u0142onkiem Sta\u0142ej Rektorskiej Komisji ds. Collegium Medicum<\/p>\n\n\n\n<p>Ma na swoim koncie znacz\u0105ce odznaczenia, m.in.: Srebrny Medal im. L. Rydygiera (1989), Srebrny Krzy\u017c Zas\u0142ugi Rzeczpospolitej Polskiej (2006), Srebrny Medal Za D\u0142ugoletni\u0105 S\u0142u\u017cb\u0119 (2010). W&nbsp;2018 r. otrzyma\u0142 medal&nbsp;<a href=\"https:\/\/www.cm-uj.krakow.pl\/index.php\/collegium\/aktualnosc\/2081\">&#8222;Zas\u0142u\u017cony dla Polskiego Towarzystwa Chirurgii Onkologicznej&#8221;<\/a>.<\/p>\n\n\n\n<p>Autor i&nbsp;wsp\u00f3\u0142autor ponad 100 publikacji w&nbsp;czasopismach polskich i&nbsp;zagranicznych, kilkuset doniesie\u0144 i&nbsp;prezentacji na zjazdach i&nbsp;konferencjach naukowych polskich i&nbsp;zagranicznych, kilku rozdzia\u0142\u00f3w w&nbsp;podr\u0119cznikach.<\/p>\n","protected":false},"excerpt":{"rendered":"<p>Prof. Piotr Richter jest absolwentem Akademii Medycznej im. M. Kopernika w\u00a0Krakowie. Od pocz\u0105tku kariery zawodowej [&hellip;]<\/p>\n","protected":false},"author":1,"featured_media":0,"parent":0,"menu_order":0,"comment_status":"closed","ping_status":"closed","template":"","meta":{"footnotes":""},"class_list":["post-64","page","type-page","status-publish","hentry"],"_links":{"self":[{"href":"https:\/\/piotr-richter.pl\/index.php\/wp-json\/wp\/v2\/pages\/64","targetHints":{"allow":["GET"]}}],"collection":[{"href":"https:\/\/piotr-richter.pl\/index.php\/wp-json\/wp\/v2\/pages"}],"about":[{"href":"https:\/\/piotr-richter.pl\/index.php\/wp-json\/wp\/v2\/types\/page"}],"author":[{"embeddable":true,"href":"https:\/\/piotr-richter.pl\/index.php\/wp-json\/wp\/v2\/users\/1"}],"replies":[{"embeddable":true,"href":"https:\/\/piotr-richter.pl\/index.php\/wp-json\/wp\/v2\/comments?post=64"}],"version-history":[{"count":1,"href":"https:\/\/piotr-richter.pl\/index.php\/wp-json\/wp\/v2\/pages\/64\/revisions"}],"predecessor-version":[{"id":65,"href":"https:\/\/piotr-richter.pl\/index.php\/wp-json\/wp\/v2\/pages\/64\/revisions\/65"}],"wp:attachment":[{"href":"https:\/\/piotr-richter.pl\/index.php\/wp-json\/wp\/v2\/media?parent=64"}],"curies":[{"name":"wp","href":"https:\/\/api.w.org\/{rel}","templated":true}]}}